{"id":1057,"date":"2013-06-03T19:24:37","date_gmt":"2013-06-03T18:24:37","guid":{"rendered":"http:\/\/www.freiraumk.com\/?page_id=1057"},"modified":"2013-06-19T07:37:09","modified_gmt":"2013-06-19T06:37:09","slug":"2013-06-12-100-tage","status":"publish","type":"page","link":"http:\/\/www.freiraumk.com\/?page_id=1057","title":{"rendered":"2013.06.12 | 100 Tage"},"content":{"rendered":"<p>12. Juni 2013 | <strong><em>100 TAGE \u2013 Zeit, dass sich was dreht<br \/>\n<\/em><\/strong>Aktionsabend von FreiraumK + Buch13<a href=\"http:\/\/www.freiraumk.com\/?page_id=474\"><strong><br \/>\n<\/strong><\/a><\/p>\n<p><strong>100 Tage nach der Wahl und viele Fragen<\/strong> \u2026 ALLE W\u00e4hler*innen und Nichtw\u00e4hler*innen von ROT, GR\u00dcN und SCHWARZ, sowie alle Nichtwahlberechtigten und Blau\u00e4ugigen sind herzlich willkommen.<br \/>\n100 Tage sind vergangen seit der K\u00e4rntner Landtagswahl. Die neue K\u00e4rntner Landesregierung arbeitet. Zeit f\u00fcr Fragen. Kunst und Literatur in Form der Vereine <em>FreiraumK <\/em>und <em>Buch13<\/em> organisieren einen gemeinsamen Abend mit K\u00e4rntner Kunstschaffenden. Aus dem Buch <a href=\"http:\/\/www.freiraumk.com\/?page_id=474\">Schmutzk\u00fcbelK&#8230;<\/a> und eigenen Werken lesen unter anderen <em>G\u00fcnter Medweschek,<\/em> <em>Gerald Eschenauer<\/em> und <em>Barbara Rapp<\/em>. Danach diskutieren die Protagonist*innen \u00fcber die Vergangenheit, Gegenwart und Zukunft K\u00e4rntens.<br \/>\nWeiters im Programm f\u00fcr alle K\u00e4rntnerinnen und K\u00e4rntner: Eine <em>Politikerh\u00fcpfburg<\/em>, lustige <em>Umf\u00e4rbeaktionen, Speakers Corner<\/em> und <em>politische W\u00fcnsche an das Christkind. <\/em>Das Trio <em>Phlippo &amp; der Doppelmord<\/em> begleiten musikalisch durch den Abend.<br \/>\nJeder Gast erh\u00e4lt eine &#171;K\u00e4rnten Nadel&#187; von Anna Rose | Anna Orsini-Rosenberg.<\/p>\n<p><strong>Was:<\/strong> 100 Tage \u2013 Lesung mit Aktion\/Diskussion<strong><br \/>\nWann:<\/strong> Mittwoch, 12. Juni 2013 ab 19:00 Uhr<strong><br \/>\nWo: <\/strong>LustGARTEN, Rosentaler Stra\u00dfe 145, 9020 Klagenfurt<strong><br \/>\n<\/strong><strong>Kulturbeitrag:<\/strong> \u20ac 13.- | Karten an der Abendkasse<br \/>\n<strong>Musik:<\/strong> Phlippo &amp; der Doppelmord<br \/>\n<strong>Wer:<\/strong> Vereine <em>Buch13<\/em> und <em>FreiraumK<\/em><strong><br \/>\nEs lesen und diskutieren:<\/strong> G\u00fcnter Medweschek, Gerald Eschenauer, Barbara Rapp u. a.<\/p>\n<p><img loading=\"lazy\" class=\"alignleft  wp-image-1058\" title=\"100 Tage\" src=\"http:\/\/www.freiraumk.com\/wp-content\/uploads\/977370_334768859984786_696677735_o-724x1024.jpg\" alt=\"\" width=\"350\" height=\"495\" srcset=\"http:\/\/www.freiraumk.com\/wp-content\/uploads\/977370_334768859984786_696677735_o-724x1024.jpg 724w, http:\/\/www.freiraumk.com\/wp-content\/uploads\/977370_334768859984786_696677735_o-212x300.jpg 212w, http:\/\/www.freiraumk.com\/wp-content\/uploads\/977370_334768859984786_696677735_o.jpg 1448w\" sizes=\"(max-width: 350px) 100vw, 350px\" \/><\/p>\n<p style=\"text-align: right;\"><a style=\"font-size: x-small;\" href=\"javascript:history.back()\">zur\u00fcck<\/a><\/p>\n","protected":false},"excerpt":{"rendered":"<p>12. Juni 2013 | 100 TAGE \u2013 Zeit, dass sich was dreht Aktionsabend von FreiraumK + Buch13 100 Tage nach der Wahl und viele Fragen \u2026 ALLE W\u00e4hler*innen und Nichtw\u00e4hler*innen von ROT, GR\u00dcN und SCHWARZ, sowie alle Nichtwahlberechtigten und Blau\u00e4ugigen &hellip; <a href=\"http:\/\/www.freiraumk.com\/?page_id=1057\">Continue reading <span class=\"meta-nav\">&rarr;<\/span><\/a><\/p>\n","protected":false},"author":2,"featured_media":0,"parent":13,"menu_order":0,"comment_status":"open","ping_status":"open","template":"showcase.php","meta":[],"_links":{"self":[{"href":"http:\/\/www.freiraumk.com\/index.php?rest_route=\/wp\/v2\/pages\/1057"}],"collection":[{"href":"http:\/\/www.freiraumk.com\/index.php?rest_route=\/wp\/v2\/pages"}],"about":[{"href":"http:\/\/www.freiraumk.com\/index.php?rest_route=\/wp\/v2\/types\/page"}],"author":[{"embeddable":true,"href":"http:\/\/www.freiraumk.com\/index.php?rest_route=\/wp\/v2\/users\/2"}],"replies":[{"embeddable":true,"href":"http:\/\/www.freiraumk.com\/index.php?rest_route=%2Fwp%2Fv2%2Fcomments&post=1057"}],"version-history":[{"count":8,"href":"http:\/\/www.freiraumk.com\/index.php?rest_route=\/wp\/v2\/pages\/1057\/revisions"}],"predecessor-version":[{"id":1060,"href":"http:\/\/www.freiraumk.com\/index.php?rest_route=\/wp\/v2\/pages\/1057\/revisions\/1060"}],"up":[{"embeddable":true,"href":"http:\/\/www.freiraumk.com\/index.php?rest_route=\/wp\/v2\/pages\/13"}],"wp:attachment":[{"href":"http:\/\/www.freiraumk.com\/index.php?rest_route=%2Fwp%2Fv2%2Fmedia&parent=1057"}],"curies":[{"name":"wp","href":"https:\/\/api.w.org\/{rel}","templated":true}]}}