{"id":119,"date":"2012-10-04T21:10:54","date_gmt":"2012-10-04T21:10:54","guid":{"rendered":"http:\/\/www.andreas-jaeger.com\/?page_id=119"},"modified":"2024-01-30T11:01:21","modified_gmt":"2024-01-30T10:01:21","slug":"impressum","status":"publish","type":"page","link":"http:\/\/www.freiraumk.com\/?page_id=119","title":{"rendered":"Impressum"},"content":{"rendered":"<p><strong>Impressum<\/strong> | Angaben gem\u00e4\u00df TMG \u00a7 5:<br \/>\n<strong>FreiraumK e. V. | gemeinn\u00fctziger Verein (2012 bis 2023)<\/strong><br \/>\nLidmanskygasse 27\/1<br \/>\n9020 Klagenfurt am W\u00f6rthersee AT<br \/>\n<a href=\"mailto: office@freiraumk.com\">office@freiraumk.com<\/a><\/p>\n<p>Vorstand:<br \/>\nDr. G\u00fcnter Medweschek | Obmann<br \/>\nKarin Prucha | Kassierin<br \/>\nBarbara Ambrusch-Rapp | Schriftf\u00fchrerin<\/p>\n<p>Registereintrag:<br \/>\n<strong>Eintragung im Zentralen Vereinsregister am 11.10.2012<\/strong><br \/>\nZust\u00e4ndigkeit K\u00e4rnten LPD sich.- u verwaltpol. Angel. SVA<br \/>\nZVR-Zahl 374262946<br \/>\n<strong>Aufl\u00f6sung des Vereins FreiraumK im Jahr 2023<\/strong><\/p>\n<p>Verantwortlich f\u00fcr den Inhalt nach \u00a7 55 Abs. 2 RStV:<br \/>\nDr. G\u00fcnter Medweschek, Lidmanskygasse 27\/1, 9020 Klagenfurt am W\u00f6rthersee AT<br \/>\nBarbara Rapp, Excelsiorstra\u00dfe 18, 9220 Velden am W\u00f6rthersee AT<\/p>\n<p>Quellenangaben f\u00fcr die verwendeten Bilder und Grafiken:<br \/>\nSoweit nicht gesondert angegeben, liegen die Rechte f\u00fcr Bilder und Grafiken bei FreiraumK.<br \/>\nLogo FreiraumK: Ludwig Riedmann<\/p>\n","protected":false},"excerpt":{"rendered":"<p>Impressum | Angaben gem\u00e4\u00df TMG \u00a7 5: FreiraumK e. V. | gemeinn\u00fctziger Verein (2012 bis 2023) Lidmanskygasse 27\/1 9020 Klagenfurt am W\u00f6rthersee AT office@freiraumk.com Vorstand: Dr. G\u00fcnter Medweschek | Obmann Karin Prucha | Kassierin Barbara Ambrusch-Rapp | Schriftf\u00fchrerin Registereintrag: Eintragung &hellip; <a href=\"http:\/\/www.freiraumk.com\/?page_id=119\">Continue reading <span class=\"meta-nav\">&rarr;<\/span><\/a><\/p>\n","protected":false},"author":2,"featured_media":0,"parent":0,"menu_order":0,"comment_status":"open","ping_status":"open","template":"showcase.php","meta":[],"_links":{"self":[{"href":"http:\/\/www.freiraumk.com\/index.php?rest_route=\/wp\/v2\/pages\/119"}],"collection":[{"href":"http:\/\/www.freiraumk.com\/index.php?rest_route=\/wp\/v2\/pages"}],"about":[{"href":"http:\/\/www.freiraumk.com\/index.php?rest_route=\/wp\/v2\/types\/page"}],"author":[{"embeddable":true,"href":"http:\/\/www.freiraumk.com\/index.php?rest_route=\/wp\/v2\/users\/2"}],"replies":[{"embeddable":true,"href":"http:\/\/www.freiraumk.com\/index.php?rest_route=%2Fwp%2Fv2%2Fcomments&post=119"}],"version-history":[{"count":15,"href":"http:\/\/www.freiraumk.com\/index.php?rest_route=\/wp\/v2\/pages\/119\/revisions"}],"predecessor-version":[{"id":1203,"href":"http:\/\/www.freiraumk.com\/index.php?rest_route=\/wp\/v2\/pages\/119\/revisions\/1203"}],"wp:attachment":[{"href":"http:\/\/www.freiraumk.com\/index.php?rest_route=%2Fwp%2Fv2%2Fmedia&parent=119"}],"curies":[{"name":"wp","href":"https:\/\/api.w.org\/{rel}","templated":true}]}}