{"id":123,"date":"2012-10-05T06:48:58","date_gmt":"2012-10-05T06:48:58","guid":{"rendered":"http:\/\/www.andreas-jaeger.com\/?page_id=123"},"modified":"2013-10-18T13:19:03","modified_gmt":"2013-10-18T12:19:03","slug":"presse","status":"publish","type":"page","link":"http:\/\/www.freiraumk.com\/?page_id=123","title":{"rendered":"Presse"},"content":{"rendered":"<p><strong>FreiraumK in den Medien &#8211; hier einige der zahlreichen Pressestimmen:<\/strong><a href=\"http:\/\/search.salzburg.com\/news\/artikel.html?uri=http%3A%2F%2Fsearch.salzburg.com%2Fnews%2Fresource%2Fsn%2Fnews%2Fsn2710_27.09.2013_41-48961108\" target=\"_blank\"><strong><br \/>\n<\/strong><\/a><a href=\"http:\/\/www.freiraumk.com\/wp-content\/uploads\/2013-10-18_neueVeldnerZeitung.pdf\" target=\"_blank\">18.10.2013<\/a><strong> Neue Veldner Zeitung <\/strong>Transformale FreiraumKasnudel in Rosegg<strong><br \/>\n<\/strong><a href=\"http:\/\/search.salzburg.com\/news\/artikel.html?uri=http%3A%2F%2Fsearch.salzburg.com%2Fnews%2Fresource%2Fsn%2Fnews%2Fsn2710_27.09.2013_41-48961108\" target=\"_blank\"> 27.09.2013<\/a><strong> Salzburger Nachrichten<\/strong>: Eine Kasnudel reist derzeit durch K\u00e4rnten<strong><br \/>\n<\/strong><a href=\"http:\/\/derstandard.at\/1378248521334\/Kaerntens-Transformation\" target=\"_blank\">09.09.2013<\/a><strong> derStandard<\/strong>: K\u00e4rntens Transformation<a href=\"http:\/\/derstandard.at\/1378248521334\/Kaerntens-Transformation\" target=\"_blank\"><strong><br \/>\n<\/strong><\/a><a href=\"http:\/\/www.kleinezeitung.at\/nachrichten\/kultur\/bachmann\/3340083\/karin-bernhard-orf-hoffnung-stirbt-zuletzt.story;jsessionid=6A869E198E22AF34F79851D01719B7FB.p3?seite=2\" target=\"_blank\">23.06.2013<\/a><strong> Kleine Zeitung<\/strong>: Vitales Blutgef\u00e4\u00df &#8230; der Bachmann-Preis muss bleiben<a href=\"http:\/\/youtu.be\/HWn00FF2pv4\" target=\"_blank\"><strong><br \/>\n<\/strong>18.06.2013<\/a><strong> Radio Agora: <\/strong>100 Tage &#8211; Zeit, dass sich was dreht &#8230; zum Nachh\u00f6ren auf Youtube<strong><br \/>\n<\/strong><a href=\"http:\/\/www.kleinezeitung.at\/nachrichten\/kultur\/3305701\/gezielte-provokation.story\" target=\"_blank\">06.05.2013<strong> <\/strong><\/a><strong>Kleine Zeitung<\/strong>: Gezielte Provokation<strong><br \/>\n<\/strong><a href=\"http:\/\/www.kleinezeitung.at\/nachrichten\/kultur\/3253579\/aufstehen-gegen-bewusstlosigkeit.story\" target=\"_blank\">24.02.2013<strong> <\/strong><\/a><strong>Kleine Zeitung<\/strong>: Aufstehen gegen die Bewusstlosigkeit<a href=\"http:\/\/www.kleinezeitung.at\/nachrichten\/kultur\/3253579\/aufstehen-gegen-bewusstlosigkeit.story\" target=\"_blank\"><strong><br \/>\n<\/strong><\/a><a href=\"http:\/\/kurier.at\/thema\/kaernten-wahl\/ausschuetten-statt-anschuetten\/3.747.981\" target=\"_blank\">22.02.2013<\/a><strong> Kurier<\/strong>: Aussch\u00fctten statt Ansch\u00fctten<br \/>\n<a href=\"http:\/\/www.kleinezeitung.at\/nachrichten\/kultur\/3251761\/anregungen-zum-mitdenken-mithoeren.story\" target=\"_blank\">21.02.2013<\/a> <strong>Kleine Zeitung<\/strong>: Anregungen zum Mitdenken und &#8230;<br \/>\n<a href=\"http:\/\/youtu.be\/20GbLfEUgqc\" target=\"_blank\">09.02.2013<\/a> <strong>Radio Agora<\/strong>: FreiraumK und erste Lesung Schmutzk\u00fcbelK&#8230; zum Nachh\u00f6ren auf Youtube<br \/>\n13.02.2013 <strong>Radio \u00d61 Kulturjournal<\/strong>: Michaela Monschein \u00fcber die K\u00e4rntner Schmutzk\u00fcbelkampagne<br \/>\n13.02.2013 <strong>Tageszeitung \u00d6sterreich<\/strong>: Mit Kunst gegen Politik<br \/>\n13.02.2013 <strong>Kronen Zeitung<\/strong>: Schmutzk\u00fcbelkampagne<br \/>\n<a href=\"http:\/\/kaernten.orf.at\/news\/stories\/2571322\/\" target=\"_blank\">13.02.2013<\/a> <strong>ORF K\u00e4rnten<\/strong>: K\u00fcnstler starteten \u201eSchmutzk\u00fcbelkampagne\u201c<br \/>\n07.02.2013 <strong>K\u00e4rntner Tageszeitung<\/strong>: Schmutzk\u00fcbelkampagnen<br \/>\n07.02.2013 <strong>Kronen Zeitung<\/strong>: Am Anfang war der Schmutzk\u00fcbel<br \/>\n<a href=\"http:\/\/www.kleinezeitung.at\/nachrichten\/kultur\/3240380\/reinigung-hilfe-schmutzkuebelkampagnen.story;\" target=\"_blank\"> 06.02.2013<\/a><strong> Kleine Zeitung<\/strong>: Eine Reinigung mit Hilfe von Schmutzk\u00fcbelkampagnen<br \/>\n<a href=\"http:\/\/derstandard.at\/1358305800258\/Kaernten-Wahl-Kuenstler-Plattform-setzt-auf-Schmutzkuebelkampagnen\" target=\"_blank\"> 06.02.2013<\/a><strong> derStandard<\/strong>: K\u00fcnstler-Plattform setzt auf &#171;Schmutzk\u00fcbelkampagnen&#187;<br \/>\n<a href=\"http:\/\/youtu.be\/EZ-Fe_c67Cc\" target=\"_blank\">26.10.2012<\/a><strong> Radio Agora<\/strong> \u00fcber die &#171;Geburtsstunde&#187; von FreiraumK zum Nachh\u00f6ren auf Youtube<\/p>\n","protected":false},"excerpt":{"rendered":"<p>FreiraumK in den Medien &#8211; hier einige der zahlreichen Pressestimmen: 18.10.2013 Neue Veldner Zeitung Transformale FreiraumKasnudel in Rosegg 27.09.2013 Salzburger Nachrichten: Eine Kasnudel reist derzeit durch K\u00e4rnten 09.09.2013 derStandard: K\u00e4rntens Transformation 23.06.2013 Kleine Zeitung: Vitales Blutgef\u00e4\u00df &#8230; der Bachmann-Preis muss &hellip; <a href=\"http:\/\/www.freiraumk.com\/?page_id=123\">Continue reading <span class=\"meta-nav\">&rarr;<\/span><\/a><\/p>\n","protected":false},"author":2,"featured_media":0,"parent":0,"menu_order":0,"comment_status":"open","ping_status":"open","template":"showcase.php","meta":[],"_links":{"self":[{"href":"http:\/\/www.freiraumk.com\/index.php?rest_route=\/wp\/v2\/pages\/123"}],"collection":[{"href":"http:\/\/www.freiraumk.com\/index.php?rest_route=\/wp\/v2\/pages"}],"about":[{"href":"http:\/\/www.freiraumk.com\/index.php?rest_route=\/wp\/v2\/types\/page"}],"author":[{"embeddable":true,"href":"http:\/\/www.freiraumk.com\/index.php?rest_route=\/wp\/v2\/users\/2"}],"replies":[{"embeddable":true,"href":"http:\/\/www.freiraumk.com\/index.php?rest_route=%2Fwp%2Fv2%2Fcomments&post=123"}],"version-history":[{"count":58,"href":"http:\/\/www.freiraumk.com\/index.php?rest_route=\/wp\/v2\/pages\/123\/revisions"}],"predecessor-version":[{"id":294,"href":"http:\/\/www.freiraumk.com\/index.php?rest_route=\/wp\/v2\/pages\/123\/revisions\/294"}],"wp:attachment":[{"href":"http:\/\/www.freiraumk.com\/index.php?rest_route=%2Fwp%2Fv2%2Fmedia&parent=123"}],"curies":[{"name":"wp","href":"https:\/\/api.w.org\/{rel}","templated":true}]}}