{"id":18,"date":"2012-10-04T19:11:56","date_gmt":"2012-10-04T19:11:56","guid":{"rendered":"http:\/\/www.andreas-jaeger.com\/?page_id=18"},"modified":"2014-06-27T10:16:21","modified_gmt":"2014-06-27T09:16:21","slug":"mitglieder","status":"publish","type":"page","link":"http:\/\/www.freiraumk.com\/?page_id=18","title":{"rendered":"Menschen"},"content":{"rendered":"<p style=\"text-align: right;\"><strong>Unser Dank geht auch an <\/strong><a href=\"http:\/\/www.freiraumk.com\/?page_id=723\">&#8230;weiterlesen<\/a><strong><br \/>\nEingetroffene Statements von <\/strong><a href=\"http:\/\/www.freiraumk.com\/?page_id=785\">&#8230;weiterlesen<strong><\/strong><\/a><\/p>\n<p style=\"text-align: left;\"><strong>Kunst- und Kulturschaffende | autonom im tempor\u00e4ren Kollektiv FreiraumK:<\/strong><br \/>\nKatrin Ackerl Konstantin | &#171;Amoh&#187; Mary Luiza Mischitz | Birgit Bachmann | Clemens B\u00f6ck | Alfred Burian | Elisabeth Christof | Peter Clar | Damensalon | Sieglinde Demus | Arnulf Domenig | Martin Dueller | Helga Duffek-Kopper | Mostafa Elrhandouri | Gerald Eschenauer | Walter Fanta | Janko Ferk | Birgitta Fina | Herwig \u201eFuzzman\u201c Zamernik | Herbert Gantschacher | Thomas Goschat | Tatjana Gregoritsch | Hannes Gr\u00f6blacher | Egyd Gst\u00e4ttner | Zdravko Haderlap | Amina Handke | David &#171;Sir Tralala&#187; Hebenstreit | Tomas Hoke | Yulia Izmaylova | Christina Jonke | Hanno Kautz | Richard Klammer | Bernd Klug | Peter Kohl | Kommissar Hjuler &amp; Mama Baer | Mario Kuttnig | Gerhard Leeb | Christian Lehner (CHL) | Paul Martin | Alexander &#171;Captain Knife&#187; Martinz | G\u00fcnter Medweschek | Hans Messner | Franz Miklautz | Dorothea Maria Mischitz | Lydia Mischkulnig | Martin Mittersteiner | Christina Chra Nemec | Michaela Okorn | Heinz Olbrich | Mario Oppelmayer | Jani Oswald | Nikolaus Pessler | Simon Pichler | Alexandra P\u00f6cher | David P\u00f6lzl | Lily Pril | Karin Prucha | Lisa Rakowitz | Hosea Ratschiller | Barbara Rapp | Ludwig Riedmann | Claudia Rosenwirth-Fendre | Gabriele Russwirm-Bir\u00f3 | Robert Schabus | Rebekka Scharf | Werner Schneyder | Susanne Schubarsky | Christiane Sch\u00fctte | Martina Seidl | Karoline Seywald | Gunther Spath | Katharina Springer | Felix Strasser | Isabella Straub | Bernhard Teferle | Larissa Tomassetti | Friedrich J. Tragauer | Peter Umlauft | Doro Unkel | Barbara Voglsinger | Oliver Vollmann | Ursula Wiegele | Manuela Wilpernig | Walter Wratschko | Florian Zambrano | Ronald Zechner | Stefan Zefferer | Josef Zore \u2026 to be continued \u2026<\/p>\n<p>Der FreiraumK ist gro\u00df &#8211; wer sich dazugesellen m\u00f6chte, tut es ganz einfach<br \/>\nund <a href=\"http:\/\/www.freiraumk.com\/?page_id=50\">ruft oder schreibt uns an<\/a>!<\/p>\n<p>Um es nicht zu vergessen: Finanzielle Unterst\u00fctzung unseres Wirkens vertragen wir gerne &#8211; jeder noch so kleine Beitrag hilft uns dabei, die Kan\u00e4le offen zu halten. <a href=\"http:\/\/www.freiraumk.com\/?page_id=50\">Wir freuen uns auf Sie<\/a>!<em><\/em><\/p>\n<p><strong>Herzlichen Dank an dieser Stelle allen Kunst- und Kulturschaffenden f\u00fcr das \u00fcberw\u00e4ltigende Engagement und das unb\u00fcrokratische Mittun &#8211; ohne euch w\u00fcrde FreiraumK nicht existieren!<\/strong><\/p>\n","protected":false},"excerpt":{"rendered":"<p>Unser Dank geht auch an &#8230;weiterlesen Eingetroffene Statements von &#8230;weiterlesen Kunst- und Kulturschaffende | autonom im tempor\u00e4ren Kollektiv FreiraumK: Katrin Ackerl Konstantin | &#171;Amoh&#187; Mary Luiza Mischitz | Birgit Bachmann | Clemens B\u00f6ck | Alfred Burian | Elisabeth Christof | &hellip; <a href=\"http:\/\/www.freiraumk.com\/?page_id=18\">Continue reading <span class=\"meta-nav\">&rarr;<\/span><\/a><\/p>\n","protected":false},"author":2,"featured_media":0,"parent":0,"menu_order":0,"comment_status":"open","ping_status":"open","template":"showcase.php","meta":[],"_links":{"self":[{"href":"http:\/\/www.freiraumk.com\/index.php?rest_route=\/wp\/v2\/pages\/18"}],"collection":[{"href":"http:\/\/www.freiraumk.com\/index.php?rest_route=\/wp\/v2\/pages"}],"about":[{"href":"http:\/\/www.freiraumk.com\/index.php?rest_route=\/wp\/v2\/types\/page"}],"author":[{"embeddable":true,"href":"http:\/\/www.freiraumk.com\/index.php?rest_route=\/wp\/v2\/users\/2"}],"replies":[{"embeddable":true,"href":"http:\/\/www.freiraumk.com\/index.php?rest_route=%2Fwp%2Fv2%2Fcomments&post=18"}],"version-history":[{"count":76,"href":"http:\/\/www.freiraumk.com\/index.php?rest_route=\/wp\/v2\/pages\/18\/revisions"}],"predecessor-version":[{"id":1168,"href":"http:\/\/www.freiraumk.com\/index.php?rest_route=\/wp\/v2\/pages\/18\/revisions\/1168"}],"wp:attachment":[{"href":"http:\/\/www.freiraumk.com\/index.php?rest_route=%2Fwp%2Fv2%2Fmedia&parent=18"}],"curies":[{"name":"wp","href":"https:\/\/api.w.org\/{rel}","templated":true}]}}