{"id":474,"date":"2013-02-06T23:10:12","date_gmt":"2013-02-06T22:10:12","guid":{"rendered":"http:\/\/www.freiraumk.com\/?page_id=474"},"modified":"2024-02-07T12:54:30","modified_gmt":"2024-02-07T11:54:30","slug":"das-ist-das-buch-schmutzkubelk","status":"publish","type":"page","link":"http:\/\/www.freiraumk.com\/?page_id=474","title":{"rendered":"Das ist das Buch! Schmutzk\u00fcbelK&#8230;"},"content":{"rendered":"<p style=\"text-align: right;\"><strong>\u00a0Das Buch!<\/strong><\/p>\n<p><img loading=\"lazy\" class=\"alignright wp-image-475\" title=\"Das Buch Schmutzk\u00fcbelK... | Drava\" src=\"http:\/\/www.freiraumk.com\/wp-content\/uploads\/Buchcover_Schmutzk\u00fcbelK_FreiraumK_Abb-ZdravkoHaderlap_Drava_s-182x300.jpg\" alt=\"\" width=\"182\" height=\"300\" srcset=\"http:\/\/www.freiraumk.com\/wp-content\/uploads\/Buchcover_Schmutzk\u00fcbelK_FreiraumK_Abb-ZdravkoHaderlap_Drava_s-182x300.jpg 182w, http:\/\/www.freiraumk.com\/wp-content\/uploads\/Buchcover_Schmutzk\u00fcbelK_FreiraumK_Abb-ZdravkoHaderlap_Drava_s.jpg 624w\" sizes=\"(max-width: 182px) 100vw, 182px\" \/>Stellen wir uns das einmal vor: In den letzten Jahren wurde in K\u00e4rnten m\u00e4chtig viel Dreck produziert und egal, wo und was jemand sucht, taucht irgendwann auch eine Portion Schmutz mit auf. Diese graue, z\u00e4he, schleimige Masse brodelt unter der por\u00f6sen Kruste. Und an der Spitze stehen herrschende Landesf\u00fcrsten lachend und feiernd und sich damit br\u00fcstend, dass \u201eihr K\u00e4rnten\u201c noch nie so sch\u00f6n und toll und sauber war wie heute.<\/p>\n<p>Schmutzk\u00fcbelK\u2026 geht der Sache auf den Grund!<br \/>\nMehr als vierzig Kunstschaffende, die unser Land mit all seinen charmanten Ecken und Kanten lieben, helfen jetzt beim Abtransport. Wenn Klartext keine leere Floskel bleibt, bl\u00e4st frischer Wind ins sandige Getriebe.<\/p>\n<p><em>Und ist es nicht so, dass aus den krumpaten Sumpfdotterblumen,<br \/>\naus brodelnden, aus sich,<br \/>\ndie Steher wachsen,<br \/>\ndie Blutvollen?<br \/>\nDie N\u00e4chsten.\u00a0\u00a0 <\/em><\/p>\n<p>Katrin Ackerl Konstantin | Elisabeth Christof | Sieglinde Demus | Arnulf Domenig | Martin Dueller | Helga Duffek-Kopper | Mostafa Elrhandouri | Gerald Eschenauer | Walter Fanta | Janko Ferk | Herbert Gantschacher | Tatjana Gregoritsch | Egyd Gst\u00e4ttner | Zdravko Haderlap | Christina Jonke | Peter Kohl | Gerhard Leeb | Christian Lehner | Paul Martin | G\u00fcnter Medweschek | Hans Messner | Franz Miklautz | Lydia Mischkulnig | Michaela Okorn | Mario Oppelmayer | Jani Oswald | Nikolaus Pessler | David P\u00f6lzl | Karin Prucha | Barbara Rapp | Ludwig Riedmann | Claudia Rosenwirth-Fendre | Gabriele Russwurm-Bir\u00f3 | Rebekka Scharf | Susanne Schubarsky | Christiane Sch\u00fctte | Gunther Spath | Katharina Springer | Isabella Straub | Friedrich J. Tragauer | Ursula Wiegele | Walter Wratschko | Ronald Zechner | Stefan Zefferer | Josef Zore<\/p>\n<p><strong>Schmutzk\u00fcbelK\u2026<\/strong> <strong>Eine Intervention | Kunst:Politik<\/strong><br \/>\nHerausgegeben 2023 von FreiraumK im Drava Verlag<br \/>\nLogo FreiraumK: Ludwig Riedmann | Umschlagabbildung: Zdravko Haderlap<br \/>\nLyrischer Beitrag Umschlagr\u00fcckseite: Franz Miklautz<br \/>\nISBN 978-3-83435-710-0<\/p>\n<p>Zu beziehen \u00fcber <a href=\"http:\/\/www.drava.at\" target=\"_blank\" rel=\"noopener\">www.drava.at<\/a> und im gut sortierten Buchhandel.<\/p>\n<p><strong>Herzlichen Dank an dieser Stelle allen Autorinnen und Autoren, allen bildenden K\u00fcnstlerinnen und K\u00fcnstlern, den vielen gro\u00dfen und kleinen Helferinnen und Helfern und ganz besonders dem Verleger Peter Wieser f\u00fcr das \u00fcberw\u00e4ltigende Engagement und das unb\u00fcrokratische Mittun \u2013 ohne euch w\u00fcrde dieses Buch nicht existieren!<\/strong><\/p>\n<p style=\"text-align: right;\"><a style=\"font-size: x-small;\">zur\u00fcck<\/a><\/p>\n","protected":false},"excerpt":{"rendered":"<p>\u00a0Das Buch! Stellen wir uns das einmal vor: In den letzten Jahren wurde in K\u00e4rnten m\u00e4chtig viel Dreck produziert und egal, wo und was jemand sucht, taucht irgendwann auch eine Portion Schmutz mit auf. Diese graue, z\u00e4he, schleimige Masse brodelt &hellip; <a href=\"http:\/\/www.freiraumk.com\/?page_id=474\">Continue reading <span class=\"meta-nav\">&rarr;<\/span><\/a><\/p>\n","protected":false},"author":2,"featured_media":0,"parent":16,"menu_order":0,"comment_status":"open","ping_status":"open","template":"showcase.php","meta":[],"_links":{"self":[{"href":"http:\/\/www.freiraumk.com\/index.php?rest_route=\/wp\/v2\/pages\/474"}],"collection":[{"href":"http:\/\/www.freiraumk.com\/index.php?rest_route=\/wp\/v2\/pages"}],"about":[{"href":"http:\/\/www.freiraumk.com\/index.php?rest_route=\/wp\/v2\/types\/page"}],"author":[{"embeddable":true,"href":"http:\/\/www.freiraumk.com\/index.php?rest_route=\/wp\/v2\/users\/2"}],"replies":[{"embeddable":true,"href":"http:\/\/www.freiraumk.com\/index.php?rest_route=%2Fwp%2Fv2%2Fcomments&post=474"}],"version-history":[{"count":26,"href":"http:\/\/www.freiraumk.com\/index.php?rest_route=\/wp\/v2\/pages\/474\/revisions"}],"predecessor-version":[{"id":1213,"href":"http:\/\/www.freiraumk.com\/index.php?rest_route=\/wp\/v2\/pages\/474\/revisions\/1213"}],"up":[{"embeddable":true,"href":"http:\/\/www.freiraumk.com\/index.php?rest_route=\/wp\/v2\/pages\/16"}],"wp:attachment":[{"href":"http:\/\/www.freiraumk.com\/index.php?rest_route=%2Fwp%2Fv2%2Fmedia&parent=474"}],"curies":[{"name":"wp","href":"https:\/\/api.w.org\/{rel}","templated":true}]}}