{"id":495,"date":"2013-02-06T23:36:21","date_gmt":"2013-02-06T22:36:21","guid":{"rendered":"http:\/\/www.freiraumk.com\/?page_id=495"},"modified":"2013-06-21T15:09:52","modified_gmt":"2013-06-21T14:09:52","slug":"die-schmutzkubelkampagne","status":"publish","type":"page","link":"http:\/\/www.freiraumk.com\/?page_id=495","title":{"rendered":"Die Schmutzk\u00fcbelkampagne"},"content":{"rendered":"<p style=\"text-align: right;\"><strong>Die Schmutzk\u00fcbelkampagne!<\/strong><\/p>\n<p>Der Schmutzk\u00fcbel ist f\u00fcr alle offen! Der Schmutzk\u00fcbel frisst so manches in sich hinein und l\u00e4sst doch vieles wieder heraus. \u201eUnser\u201c Schmutzk\u00fcbel verwandelt aber auch \u201eDreck\u201c zu Erde &#8211; Erde als Basis f\u00fcr neues Leben, f\u00fcr kreatives Wachstum, f\u00fcr Zukunft und Vision! Retten wir den Schmutzk\u00fcbel aus seinem parteipolitisch besetzten Kontext und schenken ihm neue Bedeutungen!<\/p>\n<p><img loading=\"lazy\" class=\"alignright  wp-image-915\" title=\"(K)ein Lichterltr\u00e4ger\" src=\"http:\/\/www.freiraumk.com\/wp-content\/uploads\/BarbaraRapp_MarcelAmbrusch_K-einLichterltr\u00e4ger_m_sc2.jpg\" alt=\"\" width=\"244\" height=\"221\" srcset=\"http:\/\/www.freiraumk.com\/wp-content\/uploads\/BarbaraRapp_MarcelAmbrusch_K-einLichterltr\u00e4ger_m_sc2.jpg 406w, http:\/\/www.freiraumk.com\/wp-content\/uploads\/BarbaraRapp_MarcelAmbrusch_K-einLichterltr\u00e4ger_m_sc2-300x271.jpg 300w, http:\/\/www.freiraumk.com\/wp-content\/uploads\/BarbaraRapp_MarcelAmbrusch_K-einLichterltr\u00e4ger_m_sc2-330x300.jpg 330w\" sizes=\"(max-width: 244px) 100vw, 244px\" \/><\/p>\n<p>Wir packen unsere individuellen Meinungen und Statements zu den politischen Zust\u00e4nden in unserem Land in k\u00fcnstlerisch gestaltete K\u00fcbel als Objekt, Installation, Musik, Literatur oder Performance &#8211; und bringen diese ins Land hinaus &#8211; der Schmutzk\u00fcbel wird zur Intervention im \u00f6ffentlichen Raum. Auf dass all die bisherigen unredlichen Machenschaften im Taumel der Wahlkampfhuldigungen nicht in Vergessenheit geraten m\u00f6gen &#8211; auf dass sich jede und jeder K\u00e4rntner Wahlberechtigte ein objektives Bild \u00fcber unsere parteipolitischen Bewerberinnen und Bewerber bilden mag.<\/p>\n<p><strong>Aktion | Performance<\/strong><br \/>\n<strong> FreiraumK im \u00f6ffentlichen Raum<\/strong><\/p>\n<p>Wir freuen uns auf alle Menschen, die uns begleiten m\u00f6chten. Kommen Sie zu unseren Schmutzk\u00fcbelkampagne-Aktionen zum Schauen und H\u00f6ren und F\u00fchlen und Diskutieren und &#8211; wer will, wer mag &#8211; auch zum aktiven Mitmachen. Und das geht so:<\/p>\n<p><img loading=\"lazy\" class=\"alignleft  wp-image-908\" title=\"Schmutzk\u00fcbel_mitgebrachte\" src=\"http:\/\/www.freiraumk.com\/wp-content\/uploads\/MontageSchmutzk\u00fcbel2_sc.jpg\" alt=\"\" width=\"307\" height=\"277\" srcset=\"http:\/\/www.freiraumk.com\/wp-content\/uploads\/MontageSchmutzk\u00fcbel2_sc.jpg 852w, http:\/\/www.freiraumk.com\/wp-content\/uploads\/MontageSchmutzk\u00fcbel2_sc-300x270.jpg 300w, http:\/\/www.freiraumk.com\/wp-content\/uploads\/MontageSchmutzk\u00fcbel2_sc-332x300.jpg 332w\" sizes=\"(max-width: 307px) 100vw, 307px\" \/>\u25ba Eigenen Schmutzk\u00fcbel mitbringen: Gestalten Sie daheim, alleine oder mit Familie und Freunden, Ihren individuellen K\u00fcbel als politisches Statement und bringen ihn zu unseren \u00f6ffentlichen Schmutzk\u00fcbelkampagne-Aktionen am Aschermittwoch mit nach Villach oder Klagenfurt. K\u00fcbel als Objekt, Bild. Text, was auch immer &#8211; Ihrer Kreativit\u00e4t sind keine Grenzen gesetzt.<\/p>\n<p>\u25ba Der K\u00fcbel ist f\u00fcr alle da: Schreiben oder zeichnen Sie Ihre Statements, W\u00fcnsche, Visionen f\u00fcr K\u00e4rnten einfach auf und deponieren diese in unserem K\u00fcbel bei der Schmutzk\u00fcbelkampagne vor Ort (<a href=\"http:\/\/www.freiraumk.com\/?page_id=13\">hier alle Termine<\/a>). So wird aus einem Schmutzk\u00fcbel wom\u00f6glich ein Klagek\u00fcbel, hoffentlich kein Kotzk\u00fcbel, vielleicht ein Wunschk\u00fcbel &#8211; oder \u00fcberhaupt ein Pflanzgef\u00e4\u00df f\u00fcr v\u00f6llig Neues? Der durch Ihre Beitr\u00e4ge gewachsene \u201eK\u00fcbelschatz\u201c wird von uns gehoben und hier ver\u00f6ffentlicht.<\/p>\n<p>\u25ba Virtuelles Schmutzk\u00fcbel-Statement: Wer seinen individuellen K\u00fcbel nicht daheim verstecken m\u00f6chte, schickt uns einfach eine E-Mail mit K\u00fcbel-Foto, Text oder Kurzvideo an <a href=\"mailto: office@freiraumk.com\" target=\"_blank\">office@FreiraumK.com<\/a> oder \u00fcber <a href=\"http:\/\/www.facebook.com\/FreiraumK\" target=\"_blank\">www.facebook.com\/FreiraumK<\/a> und bespielt mit uns die virtuelle Welt.<\/p>\n<p>Wir setzen dem Hineinfressen ein Ende &#8211; und lassen heraus!<\/p>\n<p><strong><em>&gt;&gt;&gt; Laufend treffen Schmutzk\u00fcbelstatements bei uns ein, die in K\u00fcrze alle hier zu sehen sein werden, herzlichen Dank daf\u00fcr!<\/em><\/strong><br \/>\n<a href=\"https:\/\/plus.google.com\/u\/0\/photos\/114068090862852119034\/albums\/5841696485585972097\" target=\"_blank\"> Schmutzk\u00fcbelkampagne Album<\/a><br \/>\n<a href=\"https:\/\/www.facebook.com\/media\/set\/?set=a.530624800315588.124420.517003111677757\" target=\"_blank\">Schmutzk\u00fcbel-Statements auf Facebook<\/a><\/p>\n<p style=\"text-align: right;\"><a style=\"font-size: x-small;\" href=\"javascript:history.back()\">zur\u00fcck<\/a><\/p>\n","protected":false},"excerpt":{"rendered":"<p>Die Schmutzk\u00fcbelkampagne! Der Schmutzk\u00fcbel ist f\u00fcr alle offen! Der Schmutzk\u00fcbel frisst so manches in sich hinein und l\u00e4sst doch vieles wieder heraus. \u201eUnser\u201c Schmutzk\u00fcbel verwandelt aber auch \u201eDreck\u201c zu Erde &#8211; Erde als Basis f\u00fcr neues Leben, f\u00fcr kreatives Wachstum, &hellip; <a href=\"http:\/\/www.freiraumk.com\/?page_id=495\">Continue reading <span class=\"meta-nav\">&rarr;<\/span><\/a><\/p>\n","protected":false},"author":2,"featured_media":0,"parent":16,"menu_order":0,"comment_status":"open","ping_status":"open","template":"showcase.php","meta":[],"_links":{"self":[{"href":"http:\/\/www.freiraumk.com\/index.php?rest_route=\/wp\/v2\/pages\/495"}],"collection":[{"href":"http:\/\/www.freiraumk.com\/index.php?rest_route=\/wp\/v2\/pages"}],"about":[{"href":"http:\/\/www.freiraumk.com\/index.php?rest_route=\/wp\/v2\/types\/page"}],"author":[{"embeddable":true,"href":"http:\/\/www.freiraumk.com\/index.php?rest_route=\/wp\/v2\/users\/2"}],"replies":[{"embeddable":true,"href":"http:\/\/www.freiraumk.com\/index.php?rest_route=%2Fwp%2Fv2%2Fcomments&post=495"}],"version-history":[{"count":20,"href":"http:\/\/www.freiraumk.com\/index.php?rest_route=\/wp\/v2\/pages\/495\/revisions"}],"predecessor-version":[{"id":1080,"href":"http:\/\/www.freiraumk.com\/index.php?rest_route=\/wp\/v2\/pages\/495\/revisions\/1080"}],"up":[{"embeddable":true,"href":"http:\/\/www.freiraumk.com\/index.php?rest_route=\/wp\/v2\/pages\/16"}],"wp:attachment":[{"href":"http:\/\/www.freiraumk.com\/index.php?rest_route=%2Fwp%2Fv2%2Fmedia&parent=495"}],"curies":[{"name":"wp","href":"https:\/\/api.w.org\/{rel}","templated":true}]}}