{"id":5,"date":"2012-10-03T04:15:39","date_gmt":"2012-10-03T04:15:39","guid":{"rendered":"http:\/\/www.andreas-jaeger.com\/?page_id=2"},"modified":"2013-02-12T18:59:25","modified_gmt":"2013-02-12T17:59:25","slug":"sample-page-2","status":"publish","type":"page","link":"http:\/\/www.freiraumk.com\/","title":{"rendered":"FreiraumK"},"content":{"rendered":"<p style=\"text-align: right;\">Ein Gespr\u00e4ch zur <strong>Gr\u00fcndung von FreiraumK<\/strong> <a href=\"http:\/\/www.freiraumk.com\/?page_id=662\">&#8230;weiterlesen<\/a><\/p>\n<p><strong>FreiraumK<\/strong> ist eine \u00fcberparteiliche Plattform zur Vernetzung kritisch vision\u00e4rer Menschen \u2013 und steht f\u00fcr<strong><\/strong><\/p>\n<ul>\n<li>Anregung der k\u00fcnstlerischen Auseinandersetzung mit politischen und gesellschaftlichen Zust\u00e4nden.<\/li>\n<li>\u00d6ffnung von Konfrontationsr\u00e4umen und Informationskan\u00e4len zum Zwecke der Begegnung von Kunst und \u00d6ffentlichkeit.<\/li>\n<\/ul>\n<p>Wenn Kunstschaffende aller Genres in gemeinsamen \u00f6ffentlichen Aktionen ihre politischen Statements setzen <strong><br \/>\n&#8230; ist das FreiraumK.<\/strong><br \/>\nWenn eine \u00fcberparteiliche Kreativplattform mit einer Schmutzk\u00fcbelkampagne in den Wahlkampf zieht <strong><br \/>\n&#8230; ist das FreiraumK.<\/strong><br \/>\nWenn \u00fcber vierzig AutorInnen und bildende K\u00fcnstlerInnen gemeinsam mit dem Verlag Drava eine Publikation zur politischen Situation in K\u00e4rnten herausgeben <strong><br \/>\n&#8230; ist das FreiraumK.<\/strong><br \/>\nWenn nicht nur \u00d6sterreich, sondern Europa und die Welt zum Thema k\u00fcnstlerischer Intervention werden <strong><br \/>\n&#8230; ist das FreiraumK.<\/strong><\/p>\n<p>Der gemeinn\u00fctzige Verein FreiraumK als organisatorisches Instrument der Plattform hat seinen Sitz in Klagenfurt am W\u00f6rthersee und bespielt einen grenz\u00fcberschreitenden Aktionsradius sowohl interdisziplin\u00e4r als auch interkulturell und geografisch.<\/p>\n","protected":false},"excerpt":{"rendered":"<p>Ein Gespr\u00e4ch zur Gr\u00fcndung von FreiraumK &#8230;weiterlesen FreiraumK ist eine \u00fcberparteiliche Plattform zur Vernetzung kritisch vision\u00e4rer Menschen \u2013 und steht f\u00fcr Anregung der k\u00fcnstlerischen Auseinandersetzung mit politischen und gesellschaftlichen Zust\u00e4nden. \u00d6ffnung von Konfrontationsr\u00e4umen und Informationskan\u00e4len zum Zwecke der Begegnung von &hellip; <a href=\"http:\/\/www.freiraumk.com\/\">Continue reading <span class=\"meta-nav\">&rarr;<\/span><\/a><\/p>\n","protected":false},"author":1,"featured_media":0,"parent":0,"menu_order":0,"comment_status":"open","ping_status":"open","template":"showcase.php","meta":[],"_links":{"self":[{"href":"http:\/\/www.freiraumk.com\/index.php?rest_route=\/wp\/v2\/pages\/5"}],"collection":[{"href":"http:\/\/www.freiraumk.com\/index.php?rest_route=\/wp\/v2\/pages"}],"about":[{"href":"http:\/\/www.freiraumk.com\/index.php?rest_route=\/wp\/v2\/types\/page"}],"author":[{"embeddable":true,"href":"http:\/\/www.freiraumk.com\/index.php?rest_route=\/wp\/v2\/users\/1"}],"replies":[{"embeddable":true,"href":"http:\/\/www.freiraumk.com\/index.php?rest_route=%2Fwp%2Fv2%2Fcomments&post=5"}],"version-history":[{"count":14,"href":"http:\/\/www.freiraumk.com\/index.php?rest_route=\/wp\/v2\/pages\/5\/revisions"}],"predecessor-version":[{"id":773,"href":"http:\/\/www.freiraumk.com\/index.php?rest_route=\/wp\/v2\/pages\/5\/revisions\/773"}],"wp:attachment":[{"href":"http:\/\/www.freiraumk.com\/index.php?rest_route=%2Fwp%2Fv2%2Fmedia&parent=5"}],"curies":[{"name":"wp","href":"https:\/\/api.w.org\/{rel}","templated":true}]}}