{"id":50,"date":"2012-10-04T19:49:03","date_gmt":"2012-10-04T19:49:03","guid":{"rendered":"http:\/\/www.andreas-jaeger.com\/?page_id=50"},"modified":"2024-01-30T11:02:54","modified_gmt":"2024-01-30T10:02:54","slug":"kontakt","status":"publish","type":"page","link":"http:\/\/www.freiraumk.com\/?page_id=50","title":{"rendered":"Kontakt"},"content":{"rendered":"<p><strong>FreiraumK e. V. | gemeinn\u00fctziger Verein<br \/>\n<\/strong>(gegr\u00fcndet 2012, freiwillig aufgel\u00f6st 2023)<br \/>\n<strong> Lidmanskygasse 27\/1 | 9020 Klagenfurt am W\u00f6rthersee AT<br \/>\n<\/strong><a href=\"mailto: office@freiraumk.com\">office@freiraumk.com<\/a><br \/>\nG\u00fcnter Medweschek | Obmann | Tel +43 (0)463 54082<br \/>\nBarbara Ambrusch-Rapp | Schriftf\u00fchrerin | Tel +43 (0)664 9262926<br \/>\n<strong><br \/>\n<\/strong>Treffen wir einander auch auf Facebook:<br \/>\n<a href=\"https:\/\/www.facebook.com\/FreiraumK\" target=\"_blank\" rel=\"noopener\">www.facebook.com\/FreiraumK<\/a><br \/>\n<iframe loading=\"lazy\" style=\"border: none; overflow: hidden; width: 300px; height: 62px;\" src=\"\/\/www.facebook.com\/plugins\/likebox.php?href=https%3A%2F%2Fwww.facebook.com%2FFreiraumK&amp;width=300&amp;height=62&amp;show_faces=false&amp;colorscheme=light&amp;stream=false&amp;border_color&amp;header=true\" width=\"320\" height=\"240\" frameborder=\"0\" scrolling=\"no\"><\/iframe><\/p>\n","protected":false},"excerpt":{"rendered":"<p>FreiraumK e. V. | gemeinn\u00fctziger Verein (gegr\u00fcndet 2012, freiwillig aufgel\u00f6st 2023) Lidmanskygasse 27\/1 | 9020 Klagenfurt am W\u00f6rthersee AT office@freiraumk.com G\u00fcnter Medweschek | Obmann | Tel +43 (0)463 54082 Barbara Ambrusch-Rapp | Schriftf\u00fchrerin | Tel +43 (0)664 9262926 Treffen wir &hellip; <a href=\"http:\/\/www.freiraumk.com\/?page_id=50\">Continue reading <span class=\"meta-nav\">&rarr;<\/span><\/a><\/p>\n","protected":false},"author":2,"featured_media":0,"parent":0,"menu_order":0,"comment_status":"open","ping_status":"open","template":"showcase.php","meta":[],"_links":{"self":[{"href":"http:\/\/www.freiraumk.com\/index.php?rest_route=\/wp\/v2\/pages\/50"}],"collection":[{"href":"http:\/\/www.freiraumk.com\/index.php?rest_route=\/wp\/v2\/pages"}],"about":[{"href":"http:\/\/www.freiraumk.com\/index.php?rest_route=\/wp\/v2\/types\/page"}],"author":[{"embeddable":true,"href":"http:\/\/www.freiraumk.com\/index.php?rest_route=\/wp\/v2\/users\/2"}],"replies":[{"embeddable":true,"href":"http:\/\/www.freiraumk.com\/index.php?rest_route=%2Fwp%2Fv2%2Fcomments&post=50"}],"version-history":[{"count":32,"href":"http:\/\/www.freiraumk.com\/index.php?rest_route=\/wp\/v2\/pages\/50\/revisions"}],"predecessor-version":[{"id":1206,"href":"http:\/\/www.freiraumk.com\/index.php?rest_route=\/wp\/v2\/pages\/50\/revisions\/1206"}],"wp:attachment":[{"href":"http:\/\/www.freiraumk.com\/index.php?rest_route=%2Fwp%2Fv2%2Fmedia&parent=50"}],"curies":[{"name":"wp","href":"https:\/\/api.w.org\/{rel}","templated":true}]}}