{"id":561,"date":"2013-02-07T01:45:44","date_gmt":"2013-02-07T00:45:44","guid":{"rendered":"http:\/\/www.freiraumk.com\/?page_id=561"},"modified":"2013-02-12T14:34:05","modified_gmt":"2013-02-12T13:34:05","slug":"13-02-2013-villach","status":"publish","type":"page","link":"http:\/\/www.freiraumk.com\/?page_id=561","title":{"rendered":"13.02.2013 Villach"},"content":{"rendered":"<p><strong>Intervention Kunst:Politik | <a href=\"http:\/\/www.freiraumk.com\/?page_id=495\">Die Schmutzk\u00fcbelkampagne<\/a> in der Villacher Innenstadt<br \/>\nAschermittwoch, 13.02.2013<\/strong> <strong>| ab 19 Uhr<\/strong><br \/>\nam 8. Mai Platz | Cafe &#171;Herr Vincent&#187; \u00fcber die Pests\u00e4ule | Hauptplatz in die Lederergasse<br \/>\nmit FreiraumK-Schmutzk\u00fcbel-Statements zur politischen Situation in unserem Land.<br \/>\n<strong>Wir freuen uns auf mitgebrachte K\u00fcbel <a href=\"http:\/\/www.freiraumk.com\/?page_id=495\">von allen Menschen<\/a> von \u00fcberallher! <\/strong>Kontakt: 0664 926 2 926 | office@FreiraumK.com<\/p>\n<p style=\"text-align: right;\"><a style=\"font-size: x-small;\" href=\"javascript:history.back()\">zur\u00fcck<\/a><\/p>\n","protected":false},"excerpt":{"rendered":"<p>Intervention Kunst:Politik | Die Schmutzk\u00fcbelkampagne in der Villacher Innenstadt Aschermittwoch, 13.02.2013 | ab 19 Uhr am 8. Mai Platz | Cafe &#171;Herr Vincent&#187; \u00fcber die Pests\u00e4ule | Hauptplatz in die Lederergasse mit FreiraumK-Schmutzk\u00fcbel-Statements zur politischen Situation in unserem Land. Wir &hellip; <a href=\"http:\/\/www.freiraumk.com\/?page_id=561\">Continue reading <span class=\"meta-nav\">&rarr;<\/span><\/a><\/p>\n","protected":false},"author":2,"featured_media":0,"parent":13,"menu_order":0,"comment_status":"open","ping_status":"open","template":"showcase.php","meta":[],"_links":{"self":[{"href":"http:\/\/www.freiraumk.com\/index.php?rest_route=\/wp\/v2\/pages\/561"}],"collection":[{"href":"http:\/\/www.freiraumk.com\/index.php?rest_route=\/wp\/v2\/pages"}],"about":[{"href":"http:\/\/www.freiraumk.com\/index.php?rest_route=\/wp\/v2\/types\/page"}],"author":[{"embeddable":true,"href":"http:\/\/www.freiraumk.com\/index.php?rest_route=\/wp\/v2\/users\/2"}],"replies":[{"embeddable":true,"href":"http:\/\/www.freiraumk.com\/index.php?rest_route=%2Fwp%2Fv2%2Fcomments&post=561"}],"version-history":[{"count":16,"href":"http:\/\/www.freiraumk.com\/index.php?rest_route=\/wp\/v2\/pages\/561\/revisions"}],"predecessor-version":[{"id":705,"href":"http:\/\/www.freiraumk.com\/index.php?rest_route=\/wp\/v2\/pages\/561\/revisions\/705"}],"up":[{"embeddable":true,"href":"http:\/\/www.freiraumk.com\/index.php?rest_route=\/wp\/v2\/pages\/13"}],"wp:attachment":[{"href":"http:\/\/www.freiraumk.com\/index.php?rest_route=%2Fwp%2Fv2%2Fmedia&parent=561"}],"curies":[{"name":"wp","href":"https:\/\/api.w.org\/{rel}","templated":true}]}}