{"id":569,"date":"2013-02-07T01:52:20","date_gmt":"2013-02-07T00:52:20","guid":{"rendered":"http:\/\/www.freiraumk.com\/?page_id=569"},"modified":"2013-02-11T17:26:20","modified_gmt":"2013-02-11T16:26:20","slug":"13-02-2013-klagenfurt","status":"publish","type":"page","link":"http:\/\/www.freiraumk.com\/?page_id=569","title":{"rendered":"13.02.2013 Klagenfurt"},"content":{"rendered":"<p><strong>Intervention Kunst:Politik | <a href=\"http:\/\/www.freiraumk.com\/?page_id=495\">Die Schmutzk\u00fcbelkampagne<\/a> in der Klagenfurter Innenstadt<br \/>\nAschermittwoch, 13.02.2013<\/strong> | <strong>Start um 17:00 Uhr<\/strong><br \/>\nbeim W\u00f6rtherseemandl-Kramergasse \u00fcber den Alten Platz Richtung Europahaus-Reitschulgasse<br \/>\nmit FreiraumK-Schmutzk\u00fcbel-Statements zur politischen Situation in unserem Land.<br \/>\n<strong>Wir freuen uns auf mitgebrachte K\u00fcbel <a href=\"http:\/\/www.freiraumk.com\/?page_id=495\">von allen Menschen<\/a> von \u00fcberallher!<\/strong><br \/>\nKontakt: 0463 54082 | <a href=\"mailto: gm@freiraumk.com\">gm@freiraumk.com<\/a><\/p>\n<p style=\"text-align: right;\"><a style=\"font-size: x-small;\" href=\"javascript:history.back()\">zur\u00fcck<\/a><\/p>\n","protected":false},"excerpt":{"rendered":"<p>Intervention Kunst:Politik | Die Schmutzk\u00fcbelkampagne in der Klagenfurter Innenstadt Aschermittwoch, 13.02.2013 | Start um 17:00 Uhr beim W\u00f6rtherseemandl-Kramergasse \u00fcber den Alten Platz Richtung Europahaus-Reitschulgasse mit FreiraumK-Schmutzk\u00fcbel-Statements zur politischen Situation in unserem Land. Wir freuen uns auf mitgebrachte K\u00fcbel von allen &hellip; <a href=\"http:\/\/www.freiraumk.com\/?page_id=569\">Continue reading <span class=\"meta-nav\">&rarr;<\/span><\/a><\/p>\n","protected":false},"author":2,"featured_media":0,"parent":13,"menu_order":0,"comment_status":"open","ping_status":"open","template":"showcase.php","meta":[],"_links":{"self":[{"href":"http:\/\/www.freiraumk.com\/index.php?rest_route=\/wp\/v2\/pages\/569"}],"collection":[{"href":"http:\/\/www.freiraumk.com\/index.php?rest_route=\/wp\/v2\/pages"}],"about":[{"href":"http:\/\/www.freiraumk.com\/index.php?rest_route=\/wp\/v2\/types\/page"}],"author":[{"embeddable":true,"href":"http:\/\/www.freiraumk.com\/index.php?rest_route=\/wp\/v2\/users\/2"}],"replies":[{"embeddable":true,"href":"http:\/\/www.freiraumk.com\/index.php?rest_route=%2Fwp%2Fv2%2Fcomments&post=569"}],"version-history":[{"count":7,"href":"http:\/\/www.freiraumk.com\/index.php?rest_route=\/wp\/v2\/pages\/569\/revisions"}],"predecessor-version":[{"id":738,"href":"http:\/\/www.freiraumk.com\/index.php?rest_route=\/wp\/v2\/pages\/569\/revisions\/738"}],"up":[{"embeddable":true,"href":"http:\/\/www.freiraumk.com\/index.php?rest_route=\/wp\/v2\/pages\/13"}],"wp:attachment":[{"href":"http:\/\/www.freiraumk.com\/index.php?rest_route=%2Fwp%2Fv2%2Fmedia&parent=569"}],"curies":[{"name":"wp","href":"https:\/\/api.w.org\/{rel}","templated":true}]}}