{"id":785,"date":"2013-02-14T13:39:35","date_gmt":"2013-02-14T12:39:35","guid":{"rendered":"http:\/\/www.freiraumk.com\/?page_id=785"},"modified":"2013-04-15T08:54:17","modified_gmt":"2013-04-15T07:54:17","slug":"schmutzkubelstatements-freiraumk","status":"publish","type":"page","link":"http:\/\/www.freiraumk.com\/?page_id=785","title":{"rendered":"Schmutzk\u00fcbelstatements FreiraumK"},"content":{"rendered":"<p><strong>Herzlichen Dank f\u00fcr die laufend eintreffenden Schmutzk\u00fcbelstatements <\/strong>zur politischen Situation in unserem Land<br \/>\n<strong>von allen Menschen von \u00fcberallher!<\/strong><\/p>\n<p>Gerhard Bachhiesl | Georg Holzer | Ferri Leberl | Regina Orter | Dietmar Pickl | Renate Schlatter (Fotos folgen in K\u00fcrze) &#8230; to be continued &#8230;<br \/>\nStatements der Kunstschaffenden FreiraumK sind ebenfalls in K\u00fcrze hier zu sehen &#8211; inzwischen eine kleine Einstimmung mit freundlicher Genehmigung des <a href=\"http:\/\/www.youtube.com\/watch?v=chfDIIFtEIQ\" target=\"_blank\">Singkreis Gurk: I bin lei a Kantna (YouTube)<\/a><br \/>\nStatements von mehr als vierzig Kunstschaffenden im bereits erschienenen Buch <a href=\"http:\/\/www.freiraumk.com\/?page_id=474\">Schmutzk\u00fcbelK&#8230;<\/a><\/p>\n<p>Einige Schmutzk\u00fcbelbeitr\u00e4ge sind jetzt schon auf Facebook zu entdecken:<br \/>\n<a href=\"https:\/\/www.facebook.com\/media\/set\/?set=a.530624800315588.124420.517003111677757\" target=\"_blank\">Schmutzk\u00fcbel-Statements auf Facebook<\/a><\/p>\n<p style=\"text-align: right;\"><a style=\"font-size: x-small;\" href=\"javascript:history.back()\">zur\u00fcck<\/a><\/p>\n","protected":false},"excerpt":{"rendered":"<p>Herzlichen Dank f\u00fcr die laufend eintreffenden Schmutzk\u00fcbelstatements zur politischen Situation in unserem Land von allen Menschen von \u00fcberallher! Gerhard Bachhiesl | Georg Holzer | Ferri Leberl | Regina Orter | Dietmar Pickl | Renate Schlatter (Fotos folgen in K\u00fcrze) &#8230; &hellip; <a href=\"http:\/\/www.freiraumk.com\/?page_id=785\">Continue reading <span class=\"meta-nav\">&rarr;<\/span><\/a><\/p>\n","protected":false},"author":2,"featured_media":0,"parent":18,"menu_order":0,"comment_status":"open","ping_status":"open","template":"showcase.php","meta":[],"_links":{"self":[{"href":"http:\/\/www.freiraumk.com\/index.php?rest_route=\/wp\/v2\/pages\/785"}],"collection":[{"href":"http:\/\/www.freiraumk.com\/index.php?rest_route=\/wp\/v2\/pages"}],"about":[{"href":"http:\/\/www.freiraumk.com\/index.php?rest_route=\/wp\/v2\/types\/page"}],"author":[{"embeddable":true,"href":"http:\/\/www.freiraumk.com\/index.php?rest_route=\/wp\/v2\/users\/2"}],"replies":[{"embeddable":true,"href":"http:\/\/www.freiraumk.com\/index.php?rest_route=%2Fwp%2Fv2%2Fcomments&post=785"}],"version-history":[{"count":25,"href":"http:\/\/www.freiraumk.com\/index.php?rest_route=\/wp\/v2\/pages\/785\/revisions"}],"predecessor-version":[{"id":790,"href":"http:\/\/www.freiraumk.com\/index.php?rest_route=\/wp\/v2\/pages\/785\/revisions\/790"}],"up":[{"embeddable":true,"href":"http:\/\/www.freiraumk.com\/index.php?rest_route=\/wp\/v2\/pages\/18"}],"wp:attachment":[{"href":"http:\/\/www.freiraumk.com\/index.php?rest_route=%2Fwp%2Fv2%2Fmedia&parent=785"}],"curies":[{"name":"wp","href":"https:\/\/api.w.org\/{rel}","templated":true}]}}