{"id":810,"date":"2013-02-18T09:32:22","date_gmt":"2013-02-18T08:32:22","guid":{"rendered":"http:\/\/www.freiraumk.com\/?page_id=810"},"modified":"2013-02-18T15:49:17","modified_gmt":"2013-02-18T14:49:17","slug":"25-02-2013-bv-galerie","status":"publish","type":"page","link":"http:\/\/www.freiraumk.com\/?page_id=810","title":{"rendered":"25.02.2013 BV-Galerie"},"content":{"rendered":"<p><strong>Lesung<\/strong> Schmutzk\u00fcbelkampagne | Intervention Kunst:Politik<br \/>\n<strong> MO 25.02.2013 um 19 Uhr<\/strong><br \/>\n<strong>BV Galerie, Feldkirchner Stra\u00dfe 31, 9020 Klagenfurt<\/strong><a href=\"http:\/\/zarja.at\/\" target=\"_blank\"><strong><\/strong><strong><br \/>\n<\/strong><\/a><\/p>\n<p><img loading=\"lazy\" class=\"alignleft\" title=\"Das Buch Schmutzk\u00fcbelK... | Drava\" src=\"http:\/\/www.freiraumk.com\/wp-content\/uploads\/Buchcover_Schmutzk\u00fcbelK_FreiraumK_Abb-ZdravkoHaderlap_Drava_s-182x300.jpg\" alt=\"\" width=\"182\" height=\"300\" \/> Kooperationsveranstaltung mit dem Fotok\u00fcnstler Friedrich J. Tragauer.<br \/>\nFinissage zur Ausstellung &#171;Theatre in the Box \u2013 experimentelle kritische Betrachtungen aus Gesellschaft, Kunst, Politik, Umwelt und Wirtschaft im kleinen Format&#187; von Friedrich J. Tragauer.<br \/>\n<a href=\"http:\/\/www.friedrich.tragauer.at \" target=\"_blank\">www.friedrich.tragauer.at <\/a><\/p>\n<p>Lesung aus der im Drava Verlag erschienenen Publikation <a href=\"http:\/\/www.freiraumk.com\/?page_id=474\">Schmutzk\u00fcbelK&#8230;<\/a> als Inspiration zum Mitdenken und Mitreden mit Paul Martin, Franz Miklautz und Mario Oppelmayer sowie G\u00fcnter Medweschek.<\/p>\n<p style=\"text-align: right;\"><a style=\"font-size: x-small;\" href=\"javascript:history.back()\">zur\u00fcck<\/a><\/p>\n","protected":false},"excerpt":{"rendered":"<p>Lesung Schmutzk\u00fcbelkampagne | Intervention Kunst:Politik MO 25.02.2013 um 19 Uhr BV Galerie, Feldkirchner Stra\u00dfe 31, 9020 Klagenfurt Kooperationsveranstaltung mit dem Fotok\u00fcnstler Friedrich J. Tragauer. Finissage zur Ausstellung &#171;Theatre in the Box \u2013 experimentelle kritische Betrachtungen aus Gesellschaft, Kunst, Politik, Umwelt &hellip; <a href=\"http:\/\/www.freiraumk.com\/?page_id=810\">Continue reading <span class=\"meta-nav\">&rarr;<\/span><\/a><\/p>\n","protected":false},"author":2,"featured_media":0,"parent":13,"menu_order":0,"comment_status":"open","ping_status":"open","template":"showcase.php","meta":[],"_links":{"self":[{"href":"http:\/\/www.freiraumk.com\/index.php?rest_route=\/wp\/v2\/pages\/810"}],"collection":[{"href":"http:\/\/www.freiraumk.com\/index.php?rest_route=\/wp\/v2\/pages"}],"about":[{"href":"http:\/\/www.freiraumk.com\/index.php?rest_route=\/wp\/v2\/types\/page"}],"author":[{"embeddable":true,"href":"http:\/\/www.freiraumk.com\/index.php?rest_route=\/wp\/v2\/users\/2"}],"replies":[{"embeddable":true,"href":"http:\/\/www.freiraumk.com\/index.php?rest_route=%2Fwp%2Fv2%2Fcomments&post=810"}],"version-history":[{"count":7,"href":"http:\/\/www.freiraumk.com\/index.php?rest_route=\/wp\/v2\/pages\/810\/revisions"}],"predecessor-version":[{"id":818,"href":"http:\/\/www.freiraumk.com\/index.php?rest_route=\/wp\/v2\/pages\/810\/revisions\/818"}],"up":[{"embeddable":true,"href":"http:\/\/www.freiraumk.com\/index.php?rest_route=\/wp\/v2\/pages\/13"}],"wp:attachment":[{"href":"http:\/\/www.freiraumk.com\/index.php?rest_route=%2Fwp%2Fv2%2Fmedia&parent=810"}],"curies":[{"name":"wp","href":"https:\/\/api.w.org\/{rel}","templated":true}]}}