{"id":931,"date":"2013-02-26T10:19:59","date_gmt":"2013-02-26T09:19:59","guid":{"rendered":"http:\/\/www.freiraumk.com\/?page_id=931"},"modified":"2013-03-06T12:32:29","modified_gmt":"2013-03-06T11:32:29","slug":"02-03-03-2013-kulturhofkeller-schmutzkubelkampagne","status":"publish","type":"page","link":"http:\/\/www.freiraumk.com\/?page_id=931","title":{"rendered":"02.-03.03.2013 Kulturhofkeller Schmutzk\u00fcbelkampagne"},"content":{"rendered":"<p>Kooperation: Schmutzk\u00fcbelkampagne | Intervention Kunst:Politik<br \/>\n<strong>SA 02.03.2013 und SO 03.03.2013<\/strong><br \/>\n<strong>Kulturhof:keller, Lederergasse 15, 9500 Villach<\/strong><\/p>\n<p><strong><img loading=\"lazy\" class=\"alignleft  wp-image-954\" title=\"Fuzzman | Kulturhofkeller\" src=\"http:\/\/www.freiraumk.com\/wp-content\/uploads\/Fuzzman_Abstand_Kulturhofkeller-388x1024.jpg\" alt=\"\" width=\"248\" height=\"655\" srcset=\"http:\/\/www.freiraumk.com\/wp-content\/uploads\/Fuzzman_Abstand_Kulturhofkeller-388x1024.jpg 388w, http:\/\/www.freiraumk.com\/wp-content\/uploads\/Fuzzman_Abstand_Kulturhofkeller.jpg 751w\" sizes=\"(max-width: 248px) 100vw, 248px\" \/>SA 02.03.2013<\/strong> ab 20.00 Uhr: <strong>Wir halten Abstand!<\/strong><br \/>\n<strong>(Vorwahl)ABEND ZU DEN K\u00c4RNTNER LANDTAGSWAHLEN<\/strong><br \/>\nmit DJ artcore, CommanderVenus u.a.<br \/>\nWir laden euch alle herzlich ein: K\u00fcnstlerische Statements von captain knife, Amina Handke, Bernd Klug, Christina Chra Nemec, Hosea Ratschiller, SirTralala und weiteren (Exil)K\u00e4rntnerInnen zur bevorstehenden Wahl, ein letzter Akt der Teufelsaustreibung&#8230; aber VOR ALLEM eine Party in Erwartung einer neuen politischen Linie im Land K\u00e4rnten. Lasst uns den Vorwahlabend gemeinsam, gem\u00fctlich &amp; hoffnungsfroh verbringen!<br \/>\nEintritt frei<\/p>\n<p style=\"text-align: left;\"><strong>SO 03.03.2013<\/strong> ab 16.00 Uhr: <strong>WAHLBEOBACHTUNG<\/strong><br \/>\nmit Live-Screening der Ergebnisse der K\u00e4rntner Landtagswahl<br \/>\nEin gem\u00fctliches Treffen in wohlgesonner Runde, die das Ende der Knechtschaft durch die politischen Pleitegeier K\u00e4rntens erwartet. Es k\u00f6nnte eine Feier, es k\u00f6nnte auch eine Totenfeier werden &#8211; gemeinsam ist alles leichter ertr\u00e4glich.<br \/>\nDie unFailBAR ist ge\u00f6ffnet.<br \/>\nEintritt frei<\/p>\n<p>Kontakt: 0699 118 83 791 | <a href=\"mailto: office@kulturhofkeller.at \" target=\"_blank\">office@kulturhofkeller.at <\/a><\/p>\n<p>Liedtext: Fuzzman | Abbildung: Kulturhofkeller<\/p>\n<p style=\"text-align: right;\"><a style=\"font-size: x-small;\" href=\"javascript:history.back()\">zur\u00fcck<\/a><\/p>\n","protected":false},"excerpt":{"rendered":"<p>Kooperation: Schmutzk\u00fcbelkampagne | Intervention Kunst:Politik SA 02.03.2013 und SO 03.03.2013 Kulturhof:keller, Lederergasse 15, 9500 Villach SA 02.03.2013 ab 20.00 Uhr: Wir halten Abstand! (Vorwahl)ABEND ZU DEN K\u00c4RNTNER LANDTAGSWAHLEN mit DJ artcore, CommanderVenus u.a. Wir laden euch alle herzlich ein: K\u00fcnstlerische &hellip; <a href=\"http:\/\/www.freiraumk.com\/?page_id=931\">Continue reading <span class=\"meta-nav\">&rarr;<\/span><\/a><\/p>\n","protected":false},"author":2,"featured_media":0,"parent":13,"menu_order":0,"comment_status":"open","ping_status":"open","template":"showcase.php","meta":[],"_links":{"self":[{"href":"http:\/\/www.freiraumk.com\/index.php?rest_route=\/wp\/v2\/pages\/931"}],"collection":[{"href":"http:\/\/www.freiraumk.com\/index.php?rest_route=\/wp\/v2\/pages"}],"about":[{"href":"http:\/\/www.freiraumk.com\/index.php?rest_route=\/wp\/v2\/types\/page"}],"author":[{"embeddable":true,"href":"http:\/\/www.freiraumk.com\/index.php?rest_route=\/wp\/v2\/users\/2"}],"replies":[{"embeddable":true,"href":"http:\/\/www.freiraumk.com\/index.php?rest_route=%2Fwp%2Fv2%2Fcomments&post=931"}],"version-history":[{"count":15,"href":"http:\/\/www.freiraumk.com\/index.php?rest_route=\/wp\/v2\/pages\/931\/revisions"}],"predecessor-version":[{"id":1011,"href":"http:\/\/www.freiraumk.com\/index.php?rest_route=\/wp\/v2\/pages\/931\/revisions\/1011"}],"up":[{"embeddable":true,"href":"http:\/\/www.freiraumk.com\/index.php?rest_route=\/wp\/v2\/pages\/13"}],"wp:attachment":[{"href":"http:\/\/www.freiraumk.com\/index.php?rest_route=%2Fwp%2Fv2%2Fmedia&parent=931"}],"curies":[{"name":"wp","href":"https:\/\/api.w.org\/{rel}","templated":true}]}}